{"id":98,"date":"2021-02-03T21:34:15","date_gmt":"2021-02-03T21:34:15","guid":{"rendered":"http:\/\/www.newsregion.cz\/?page_id=98"},"modified":"2021-02-05T08:29:02","modified_gmt":"2021-02-05T08:29:02","slug":"inzerce","status":"publish","type":"page","link":"https:\/\/www.newsregion.cz\/index.php\/inzerce\/","title":{"rendered":"Inzerce"},"content":{"rendered":"\n<div class=\"wp-block-media-text alignwide is-stacked-on-mobile\" style=\"grid-template-columns:17% auto\"><figure class=\"wp-block-media-text__media\"><img fetchpriority=\"high\" decoding=\"async\" width=\"509\" height=\"340\" src=\"https:\/\/www.newsregion.cz\/wp-content\/uploads\/2021\/02\/fish-1726604__340.jpg\" alt=\"\" class=\"wp-image-99\" srcset=\"https:\/\/www.newsregion.cz\/wp-content\/uploads\/2021\/02\/fish-1726604__340.jpg 509w, https:\/\/www.newsregion.cz\/wp-content\/uploads\/2021\/02\/fish-1726604__340-300x200.jpg 300w\" sizes=\"(max-width: 509px) 100vw, 509px\" \/><\/figure><div class=\"wp-block-media-text__content\">\n<p>Zde budou um\u00edst\u011bny inzer\u00e1ty <em>  <\/em><\/p>\n<\/div><\/div>\n\n\n\n<p><\/p>\n","protected":false},"excerpt":{"rendered":"<p>Zde budou um\u00edst\u011bny inzer\u00e1ty<\/p>\n","protected":false},"author":1,"featured_media":0,"parent":0,"menu_order":0,"comment_status":"closed","ping_status":"closed","template":"","meta":{"footnotes":""},"class_list":["post-98","page","type-page","status-publish","hentry"],"_links":{"self":[{"href":"https:\/\/www.newsregion.cz\/index.php\/wp-json\/wp\/v2\/pages\/98"}],"collection":[{"href":"https:\/\/www.newsregion.cz\/index.php\/wp-json\/wp\/v2\/pages"}],"about":[{"href":"https:\/\/www.newsregion.cz\/index.php\/wp-json\/wp\/v2\/types\/page"}],"author":[{"embeddable":true,"href":"https:\/\/www.newsregion.cz\/index.php\/wp-json\/wp\/v2\/users\/1"}],"replies":[{"embeddable":true,"href":"https:\/\/www.newsregion.cz\/index.php\/wp-json\/wp\/v2\/comments?post=98"}],"version-history":[{"count":2,"href":"https:\/\/www.newsregion.cz\/index.php\/wp-json\/wp\/v2\/pages\/98\/revisions"}],"predecessor-version":[{"id":130,"href":"https:\/\/www.newsregion.cz\/index.php\/wp-json\/wp\/v2\/pages\/98\/revisions\/130"}],"wp:attachment":[{"href":"https:\/\/www.newsregion.cz\/index.php\/wp-json\/wp\/v2\/media?parent=98"}],"curies":[{"name":"wp","href":"https:\/\/api.w.org\/{rel}","templated":true}]}}