{"id":862,"date":"2021-04-12T13:43:26","date_gmt":"2021-04-12T13:43:26","guid":{"rendered":"http:\/\/www.newsregion.cz\/index.php\/newsletter\/"},"modified":"2021-04-20T16:23:37","modified_gmt":"2021-04-20T16:23:37","slug":"newsletter","status":"publish","type":"page","link":"https:\/\/www.newsregion.cz\/index.php\/newsletter\/","title":{"rendered":"Odb\u011br zpravodajstv\u00ed"},"content":{"rendered":"\n<p><span class=\"has-inline-color has-vivid-red-color\"><strong>Nab\u00edz\u00edme V\u00e1m mo\u017enost dost\u00e1vat do sv\u00e9ho e-mailu informace  z prachatick\u00e9ho okresu.<\/strong><\/span><\/p>\n\n\n\n<p>Jak\u00e9 informace V\u00e1m budeme zas\u00edlat:<\/p>\n\n\n\n<p><span style=\"color:#1408fc\" class=\"has-inline-color\">Reality, slevov\u00e9 akce, nab\u00eddka a popt\u00e1vka<\/span><\/p>\n\n\n\n<p>Ukon\u010den\u00ed odb\u011bru: <a href=\"mailto:info@jcservis.cz\" data-type=\"mailto\" data-id=\"mailto:info@jcservis.cz\">info@jcservis.cz<\/a>  <\/p>\n\n\n\n<div class=\"wp-block-contact-form-7-contact-form-selector\">\n<div class=\"wpcf7 no-js\" id=\"wpcf7-f905-o1\" lang=\"cs-CZ\" dir=\"ltr\">\n<div class=\"screen-reader-response\"><p role=\"status\" aria-live=\"polite\" aria-atomic=\"true\"><\/p> <ul><\/ul><\/div>\n<form action=\"\/index.php\/wp-json\/wp\/v2\/pages\/862#wpcf7-f905-o1\" method=\"post\" class=\"wpcf7-form init\" aria-label=\"Kontaktn\u00ed formul\u00e1\u0159\" novalidate=\"novalidate\" data-status=\"init\">\n<div style=\"display: none;\">\n<input type=\"hidden\" name=\"_wpcf7\" value=\"905\" \/>\n<input type=\"hidden\" name=\"_wpcf7_version\" value=\"5.9.8\" \/>\n<input type=\"hidden\" name=\"_wpcf7_locale\" value=\"cs_CZ\" \/>\n<input type=\"hidden\" name=\"_wpcf7_unit_tag\" value=\"wpcf7-f905-o1\" \/>\n<input type=\"hidden\" name=\"_wpcf7_container_post\" value=\"0\" \/>\n<input type=\"hidden\" name=\"_wpcf7_posted_data_hash\" value=\"\" \/>\n<\/div>\n<p><label> Va\u0161e jm\u00e9no<br \/>\n<span class=\"wpcf7-form-control-wrap\" data-name=\"your-name\"><input size=\"40\" maxlength=\"400\" class=\"wpcf7-form-control wpcf7-text wpcf7-validates-as-required\" aria-required=\"true\" aria-invalid=\"false\" value=\"\" type=\"text\" name=\"your-name\" \/><\/span> <\/label>\n<\/p>\n<p><label> V\u00e1\u0161 e-mail<br \/>\n<span class=\"wpcf7-form-control-wrap\" data-name=\"your-email\"><input size=\"40\" maxlength=\"400\" class=\"wpcf7-form-control wpcf7-email wpcf7-validates-as-required wpcf7-text wpcf7-validates-as-email\" aria-required=\"true\" aria-invalid=\"false\" value=\"\" type=\"email\" name=\"your-email\" \/><\/span> <\/label>\n<\/p>\n<p><label> V\u011bk<br \/>\n<span class=\"wpcf7-form-control-wrap\" data-name=\"menu-229\"><select class=\"wpcf7-form-control wpcf7-select\" aria-invalid=\"false\" name=\"menu-229\"><option value=\"0 - 20\">0 - 20<\/option><option value=\"21 - 30\">21 - 30<\/option><option value=\"31 - 40\">31 - 40<\/option><option value=\"41 - 50\">41 - 50<\/option><option value=\"50 - v\u00edce\">50 - v\u00edce<\/option><\/select><\/span> <\/label>\n<\/p>\n<p><label> Oblast kde \u017eijete<br \/>\n<span class=\"wpcf7-form-control-wrap\" data-name=\"menu-328\"><select class=\"wpcf7-form-control wpcf7-select\" aria-invalid=\"false\" name=\"menu-328\"><option value=\"Prachaticko\">Prachaticko<\/option><option value=\"Vimpersko\">Vimpersko<\/option><option value=\"Netolicko\">Netolicko<\/option><option value=\"Volarsko\">Volarsko<\/option><option value=\"Vlachovo B\u0159ez\u00ed\">Vlachovo B\u0159ez\u00ed<\/option><option value=\"Husinecko\">Husinecko<\/option><\/select><\/span> <\/label>\n<\/p>\n<p><label> Odb\u011br zpravodajstv\u00ed<br \/>\n<span class=\"wpcf7-form-control-wrap\" data-name=\"menu-956\"><select class=\"wpcf7-form-control wpcf7-select\" aria-invalid=\"false\" name=\"menu-956\"><option value=\"Zah\u00e1jit\">Zah\u00e1jit<\/option><option value=\"Zru\u0161it\">Zru\u0161it<\/option><\/select><\/span><\/label>\n<\/p>\n<p><input class=\"wpcf7-form-control wpcf7-submit has-spinner\" type=\"submit\" value=\"Odeslat\" \/>\n<\/p><div class=\"wpcf7-response-output\" aria-hidden=\"true\"><\/div>\n<\/form>\n<\/div>\n<\/div>\n","protected":false},"excerpt":{"rendered":"<p>Nab\u00edz\u00edme V\u00e1m mo\u017enost dost\u00e1vat do sv\u00e9ho e-mailu informace z prachatick\u00e9ho okresu. Jak\u00e9 informace V\u00e1m budeme zas\u00edlat: Reality, slevov\u00e9 akce, nab\u00eddka a popt\u00e1vka Ukon\u010den\u00ed odb\u011bru: info@jcservis.cz<\/p>\n","protected":false},"author":1,"featured_media":0,"parent":0,"menu_order":0,"comment_status":"closed","ping_status":"closed","template":"","meta":{"footnotes":""},"class_list":["post-862","page","type-page","status-publish","hentry"],"_links":{"self":[{"href":"https:\/\/www.newsregion.cz\/index.php\/wp-json\/wp\/v2\/pages\/862"}],"collection":[{"href":"https:\/\/www.newsregion.cz\/index.php\/wp-json\/wp\/v2\/pages"}],"about":[{"href":"https:\/\/www.newsregion.cz\/index.php\/wp-json\/wp\/v2\/types\/page"}],"author":[{"embeddable":true,"href":"https:\/\/www.newsregion.cz\/index.php\/wp-json\/wp\/v2\/users\/1"}],"replies":[{"embeddable":true,"href":"https:\/\/www.newsregion.cz\/index.php\/wp-json\/wp\/v2\/comments?post=862"}],"version-history":[{"count":26,"href":"https:\/\/www.newsregion.cz\/index.php\/wp-json\/wp\/v2\/pages\/862\/revisions"}],"predecessor-version":[{"id":906,"href":"https:\/\/www.newsregion.cz\/index.php\/wp-json\/wp\/v2\/pages\/862\/revisions\/906"}],"wp:attachment":[{"href":"https:\/\/www.newsregion.cz\/index.php\/wp-json\/wp\/v2\/media?parent=862"}],"curies":[{"name":"wp","href":"https:\/\/api.w.org\/{rel}","templated":true}]}}