{"id":667,"date":"2021-02-25T08:54:16","date_gmt":"2021-02-25T08:54:16","guid":{"rendered":"http:\/\/www.newsregion.cz\/?page_id=667"},"modified":"2021-02-26T08:38:50","modified_gmt":"2021-02-26T08:38:50","slug":"objednavka","status":"publish","type":"page","link":"https:\/\/www.newsregion.cz\/index.php\/objednavka\/","title":{"rendered":"Objedn\u00e1vka"},"content":{"rendered":"\n<p><\/p>\n\n\n\n<div class=\"wp-block-contact-form-7-contact-form-selector\">\n<div class=\"wpcf7 no-js\" id=\"wpcf7-f669-o1\" lang=\"cs-CZ\" dir=\"ltr\">\n<div class=\"screen-reader-response\"><p role=\"status\" aria-live=\"polite\" aria-atomic=\"true\"><\/p> <ul><\/ul><\/div>\n<form action=\"\/index.php\/wp-json\/wp\/v2\/pages\/667#wpcf7-f669-o1\" method=\"post\" class=\"wpcf7-form init\" aria-label=\"Kontaktn\u00ed formul\u00e1\u0159\" enctype=\"multipart\/form-data\" novalidate=\"novalidate\" data-status=\"init\">\n<div style=\"display: none;\">\n<input type=\"hidden\" name=\"_wpcf7\" value=\"669\" \/>\n<input type=\"hidden\" name=\"_wpcf7_version\" value=\"5.9.8\" \/>\n<input type=\"hidden\" name=\"_wpcf7_locale\" value=\"cs_CZ\" \/>\n<input type=\"hidden\" name=\"_wpcf7_unit_tag\" value=\"wpcf7-f669-o1\" \/>\n<input type=\"hidden\" name=\"_wpcf7_container_post\" value=\"0\" \/>\n<input type=\"hidden\" name=\"_wpcf7_posted_data_hash\" value=\"\" \/>\n<\/div>\n<p><label> Firma<br \/>\n<span class=\"wpcf7-form-control-wrap\" data-name=\"text-990\"><input size=\"40\" maxlength=\"400\" class=\"wpcf7-form-control wpcf7-text\" aria-invalid=\"false\" value=\"\" type=\"text\" name=\"text-990\" \/><\/span> <\/label><br \/>\n<label> Va\u0161e jm\u00e9no<br \/>\n<span class=\"wpcf7-form-control-wrap\" data-name=\"your-name\"><input size=\"40\" maxlength=\"400\" class=\"wpcf7-form-control wpcf7-text wpcf7-validates-as-required\" aria-required=\"true\" aria-invalid=\"false\" value=\"\" type=\"text\" name=\"your-name\" \/><\/span> <\/label><br \/>\n<label> V\u00e1\u0161 e-mail<br \/>\n<span class=\"wpcf7-form-control-wrap\" data-name=\"your-email\"><input size=\"40\" maxlength=\"400\" class=\"wpcf7-form-control wpcf7-email wpcf7-validates-as-required wpcf7-text wpcf7-validates-as-email\" aria-required=\"true\" aria-invalid=\"false\" value=\"\" type=\"email\" name=\"your-email\" \/><\/span> <\/label><br \/>\n<label> Adresa<br \/>\n<span class=\"wpcf7-form-control-wrap\" data-name=\"text-460\"><input size=\"40\" maxlength=\"400\" class=\"wpcf7-form-control wpcf7-text\" aria-invalid=\"false\" value=\"\" type=\"text\" name=\"text-460\" \/><\/span><\/label><br \/>\n<label> I\u010cO\/DI\u010c<br \/>\n<span class=\"wpcf7-form-control-wrap\" data-name=\"text-138\"><input size=\"40\" maxlength=\"400\" class=\"wpcf7-form-control wpcf7-text\" aria-invalid=\"false\" value=\"\" type=\"text\" name=\"text-138\" \/><\/span> <\/label><br \/>\n<label> Telefon<br \/>\n<span class=\"wpcf7-form-control-wrap\" data-name=\"tel-13\"><input size=\"40\" maxlength=\"400\" class=\"wpcf7-form-control wpcf7-tel wpcf7-text wpcf7-validates-as-tel\" aria-invalid=\"false\" value=\"\" type=\"tel\" name=\"tel-13\" \/><\/span> <\/label><br \/>\n<label> \u010cas pro kontakt od - do<br \/>\n<span class=\"wpcf7-form-control-wrap\" data-name=\"text-128\"><input size=\"40\" maxlength=\"400\" class=\"wpcf7-form-control wpcf7-text\" aria-invalid=\"false\" value=\"\" type=\"text\" name=\"text-128\" \/><\/span> <\/label>\n<\/p>\n<p><label> Va\u0161 v\u00fdb\u011br prezentace<br \/>\n<span class=\"wpcf7-form-control-wrap\" data-name=\"menu-148\"><select class=\"wpcf7-form-control wpcf7-select\" aria-invalid=\"false\" name=\"menu-148\"><option value=\"Pr\u00e1ce 69,- K\u010d za den\">Pr\u00e1ce 69,- K\u010d za den<\/option><option value=\"Reality 69,- K\u010d za den\">Reality 69,- K\u010d za den<\/option><option value=\"Slevy 69,- K\u010d za den\">Slevy 69,- K\u010d za den<\/option><option value=\"Auto -moto 25,- K\u010d za den\">Auto -moto 25,- K\u010d za den<\/option><option value=\"Nab\u00eddka  25,-K\u010d za den\">Nab\u00eddka  25,-K\u010d za den<\/option><option value=\"Popt\u00e1vka  25,-K\u010d za den\">Popt\u00e1vka  25,-K\u010d za den<\/option><option value=\"Firmy 3,-K\u010d za den\">Firmy 3,-K\u010d za den<\/option><option value=\"Bannery  smluvn\u00ed cena\">Bannery  smluvn\u00ed cena<\/option><option value=\"Ostatn\u00ed  zdarma\">Ostatn\u00ed  zdarma<\/option><\/select><\/span> <\/label>\n<\/p>\n<p><label> Po\u010det opakov\u00e1n\u00ed ve dnech<br \/>\n<span class=\"wpcf7-form-control-wrap\" data-name=\"number-66\"><input class=\"wpcf7-form-control wpcf7-number wpcf7-validates-as-number\" aria-invalid=\"false\" value=\"\" type=\"number\" name=\"number-66\" \/><\/span> <\/label>\n<\/p>\n<p><label>Za\u010d\u00e1tek prezentace<br \/>\n<span class=\"wpcf7-form-control-wrap\" data-name=\"date-600\"><input class=\"wpcf7-form-control wpcf7-date wpcf7-validates-as-date\" aria-invalid=\"false\" value=\"\" type=\"date\" name=\"date-600\" \/><\/span> <\/label>\n<\/p>\n<p><span class=\"wpcf7-form-control-wrap\" data-name=\"menu-400\"><select class=\"wpcf7-form-control wpcf7-select\" aria-invalid=\"false\" name=\"menu-400\"><option value=\"Prachaticko\">Prachaticko<\/option><option value=\"Strakonickoicko\">Strakonickoicko<\/option><\/select><\/span>\n<\/p>\n<p><label> Va\u0161e soubory texty, fotky<br \/>\n<span class=\"wpcf7-form-control-wrap\" data-name=\"file-83\"><input size=\"40\" class=\"wpcf7-form-control wpcf7-file\" id=\"foto\" accept=\".jpg,.jpeg,.png,.gif,.pdf,.doc,.docx,.ppt,.pptx,.odt,.avi,.ogg,.m4a,.mov,.mp3,.mp4,.mpg,.wava,.wmv\" aria-invalid=\"false\" type=\"file\" name=\"file-83\" \/><\/span><\/label>\n<\/p>\n<p><label> Va\u0161 text nebo zpr\u00e1va(voliteln\u00fd)<br \/>\n<span class=\"wpcf7-form-control-wrap\" data-name=\"your-message\"><textarea cols=\"40\" rows=\"10\" maxlength=\"2000\" class=\"wpcf7-form-control wpcf7-textarea\" aria-invalid=\"false\" name=\"your-message\"><\/textarea><\/span> <\/label>\n<\/p>\n<p><input class=\"wpcf7-form-control wpcf7-submit has-spinner\" type=\"submit\" value=\"Odeslat\" \/>\n<\/p><div class=\"wpcf7-response-output\" aria-hidden=\"true\"><\/div>\n<\/form>\n<\/div>\n<\/div>\n\n\n\n<p><\/p>\n","protected":false},"excerpt":{"rendered":"","protected":false},"author":1,"featured_media":0,"parent":0,"menu_order":0,"comment_status":"closed","ping_status":"closed","template":"","meta":{"footnotes":""},"class_list":["post-667","page","type-page","status-publish","hentry"],"_links":{"self":[{"href":"https:\/\/www.newsregion.cz\/index.php\/wp-json\/wp\/v2\/pages\/667"}],"collection":[{"href":"https:\/\/www.newsregion.cz\/index.php\/wp-json\/wp\/v2\/pages"}],"about":[{"href":"https:\/\/www.newsregion.cz\/index.php\/wp-json\/wp\/v2\/types\/page"}],"author":[{"embeddable":true,"href":"https:\/\/www.newsregion.cz\/index.php\/wp-json\/wp\/v2\/users\/1"}],"replies":[{"embeddable":true,"href":"https:\/\/www.newsregion.cz\/index.php\/wp-json\/wp\/v2\/comments?post=667"}],"version-history":[{"count":3,"href":"https:\/\/www.newsregion.cz\/index.php\/wp-json\/wp\/v2\/pages\/667\/revisions"}],"predecessor-version":[{"id":675,"href":"https:\/\/www.newsregion.cz\/index.php\/wp-json\/wp\/v2\/pages\/667\/revisions\/675"}],"wp:attachment":[{"href":"https:\/\/www.newsregion.cz\/index.php\/wp-json\/wp\/v2\/media?parent=667"}],"curies":[{"name":"wp","href":"https:\/\/api.w.org\/{rel}","templated":true}]}}