{"id":657,"date":"2021-02-23T07:44:37","date_gmt":"2021-02-23T07:44:37","guid":{"rendered":"http:\/\/www.newsregion.cz\/?page_id=657"},"modified":"2021-03-14T14:38:05","modified_gmt":"2021-03-14T14:38:05","slug":"ochrana-osobnich-udaju","status":"publish","type":"page","link":"https:\/\/www.newsregion.cz\/index.php\/ochrana-osobnich-udaju\/","title":{"rendered":"Ochrana osobn\u00edch \u00fad\u00e1j\u016f"},"content":{"rendered":"<p><strong><span style=\"color: #333333;\"><span style=\"font-family: apple-system, BlinkMacSystemFont, 'Segoe UI', Roboto, Oxygen-Sans, Oxygen, Ubuntu, Cantarell, 'Fira Sans', 'Droid Sans', 'Helvetica Neue', sans-serif;\"><span style=\"font-size: medium;\">V<\/span><\/span><\/span><\/strong><span style=\"color: #333333;\"><span style=\"font-family: inherit;\"><span style=\"font-size: medium;\"><strong>e<\/strong><\/span><\/span><\/span><span style=\"color: #333333;\"><span style=\"font-family: inherit;\"><span style=\"font-size: medium;\"><strong> firm\u011b\u00a0 Petr Pazourek\u00a0 <\/strong><\/span><\/span><\/span><span style=\"color: #333333;\"><span style=\"font-family: inherit;\"><span style=\"font-size: medium;\"><strong>zpracov\u00e1v\u00e1me <\/strong><\/span><\/span><\/span> <span style=\"color: #333333;\"><span style=\"font-family: apple-system, BlinkMacSystemFont, 'Segoe UI', Roboto, Oxygen-Sans, Oxygen, Ubuntu, Cantarell, 'Fira Sans', 'Droid Sans', 'Helvetica Neue', sans-serif;\"><span style=\"font-size: medium;\">osobn\u00ed \u00fadaje a zaji\u0161\u0165ujeme jejich n\u00e1slednou ochranu. V tomto dokumente se dozv\u00edte jak uchov\u00e1v\u00e1me Va\u0161e data a komu je poskytujeme. D\u00e1le se dozv\u00edte jak postupovat v p\u0159\u00edpad\u011b \u017ee budete s na\u0161\u00ed spr\u00e1vou osobn\u00edch \u00fadaj\u016f nespokojeni. <\/span><\/span><\/span><\/p>\n<h2 class=\"western\"><span style=\"color: #333333;\"><span style=\"font-family: apple-system, BlinkMacSystemFont, 'Segoe UI', Roboto, Oxygen-Sans, Oxygen, Ubuntu, Cantarell, 'Fira Sans', 'Droid Sans', 'Helvetica Neue', sans-serif;\"><span style=\"font-size: x-large;\">1\/ Druh zpracov\u00e1n\u00ed \u00fadaj\u016f<\/span><\/span><\/span><\/h2>\n<p><span style=\"color: #333333;\"><span style=\"font-family: apple-system, BlinkMacSystemFont, 'Segoe UI', Roboto, Oxygen-Sans, Oxygen, Ubuntu, Cantarell, 'Fira Sans', 'Droid Sans', 'Helvetica Neue', sans-serif;\"><span style=\"font-size: medium;\">Pro objedn\u00e1n\u00ed\u00a0 slu\u017eeb a zbo\u017e\u00ed na na\u0161ich str\u00e1nk\u00e1ch nepot\u0159ebujete registraci. Pro objedn\u00e1n\u00ed zbo\u017e\u00ed n\u00e1m sta\u010d\u00ed <\/span><\/span><\/span><\/p>\n<p><span style=\"color: #ff0000;\"><span style=\"font-family: apple-system, BlinkMacSystemFont, 'Segoe UI', Roboto, Oxygen-Sans, Oxygen, Ubuntu, Cantarell, 'Fira Sans', 'Droid Sans', 'Helvetica Neue', sans-serif;\"><span style=\"font-size: medium;\"><strong>Identifika\u010dn\u00ed a kontaktn\u00ed \u00fadaje.<\/strong><\/span><\/span><\/span><\/p>\n<p><span style=\"color: #333333;\"><span style=\"font-family: apple-system, BlinkMacSystemFont, 'Segoe UI', Roboto, Oxygen-Sans, Oxygen, Ubuntu, Cantarell, 'Fira Sans', 'Droid Sans', 'Helvetica Neue', sans-serif;\"><span style=\"font-size: medium;\"><strong>Identifika\u010dn\u00ed \u00fadaje<\/strong>:\u00a0 Firma, Jm\u00e9no, P\u0159\u00edjmen\u00ed,\u00a0 I\u010cO, DI\u010c<\/span><\/span><\/span><\/p>\n<p><span style=\"color: #333333;\"><span style=\"font-family: apple-system, BlinkMacSystemFont, 'Segoe UI', Roboto, Oxygen-Sans, Oxygen, Ubuntu, Cantarell, 'Fira Sans', 'Droid Sans', 'Helvetica Neue', sans-serif;\"><span style=\"font-size: medium;\"><strong>Kontaktn\u00ed \u00fadaje<\/strong> : E-mail, Telefon, Doru\u010dovac\u00ed adresa, Faktura\u010dn\u00ed adresa<\/span><\/span><\/span><\/p>\n<h2 class=\"western\"><span style=\"color: #333333;\"><span style=\"font-family: apple-system, BlinkMacSystemFont, 'Segoe UI', Roboto, Oxygen-Sans, Oxygen, Ubuntu, Cantarell, 'Fira Sans', 'Droid Sans', 'Helvetica Neue', sans-serif;\"><span style=\"font-size: x-large;\">2\/<\/span><\/span><\/span><span style=\"color: #333333;\"><span style=\"font-family: apple-system, BlinkMacSystemFont, 'Segoe UI', Roboto, Oxygen-Sans, Oxygen, Ubuntu, Cantarell, 'Fira Sans', 'Droid Sans', 'Helvetica Neue', sans-serif;\"><span style=\"font-size: x-large;\"> Kdo va\u0161e osobn\u00ed \u00fadaje zpracov\u00e1v\u00e1 a komu je p\u0159ed\u00e1v\u00e1me?<\/span><\/span><\/span><\/h2>\n<p><span style=\"color: #333333;\"><span style=\"font-family: apple-system, BlinkMacSystemFont, 'Segoe UI', Roboto, Oxygen-Sans, Oxygen, Ubuntu, Cantarell, 'Fira Sans', 'Droid Sans', 'Helvetica Neue', sans-serif;\"><span style=\"font-size: medium;\">Va\u0161e osobn\u00ed \u00fadaje zpracov\u00e1v\u00e1 na\u0161e spole\u010dnost pro vnit\u0159n\u00ed pot\u0159eby. Va\u0161e osobn\u00ed \u00fadaje poskytujeme pouze p\u0159epravci, kter\u00fd V\u00e1m zbo\u017e\u00ed doveze. N\u00e1\u0161 smluvn\u00ed partner pro dopravu je <span style=\"font-family: inherit;\">\u010cesk\u00e1 po\u0161ta, s.p., I\u010cO: 47114983<\/span><\/span><\/span><\/span><\/p>\n<p><span style=\"color: #ff0000;\">V p\u0159\u00edpad\u011b objedn\u00e1n\u00ed slu\u017eeb nepot\u0159ebujeme spolupr\u00e1ci s dopravcem .<\/span><\/p>\n<p><span style=\"color: #333333;\"><span style=\"font-family: apple-system, BlinkMacSystemFont, 'Segoe UI', Roboto, Oxygen-Sans, Oxygen, Ubuntu, Cantarell, 'Fira Sans', 'Droid Sans', 'Helvetica Neue', sans-serif;\"><span style=\"font-size: medium;\">V\u0161echny Va\u0161e osobn\u00ed \u00fadaje zpracov\u00e1v\u00e1me ve statutu spr\u00e1vce \u00fadaj\u016f a nikomu dal\u0161\u00edmu je nep\u0159ed\u00e1v\u00e1me. Po zpracov\u00e1n\u00ed jsou \u00dadaje chr\u00e1n\u011bny na zabezpe\u010den\u00e9m po\u010d\u00edta\u010di ke kter\u00e9mu m\u00e1 p\u0159\u00edstup pouze Spr\u00e1vce a je zabezpe\u010den 2 heslem<\/span><\/span><\/span><\/p>\n<h2 class=\"western\"><span style=\"color: #333333;\"><span style=\"font-family: apple-system, BlinkMacSystemFont, 'Segoe UI', Roboto, Oxygen-Sans, Oxygen, Ubuntu, Cantarell, 'Fira Sans', 'Droid Sans', 'Helvetica Neue', sans-serif;\"><span style=\"font-size: x-large;\">3\/ Jak z\u00edsk\u00e1v\u00e1me Va\u0161e osobn\u00ed \u00fadaje<\/span><\/span><\/span><\/h2>\n<p><span style=\"color: #333333;\"><span style=\"font-family: apple-system, BlinkMacSystemFont, 'Segoe UI', Roboto, Oxygen-Sans, Oxygen, Ubuntu, Cantarell, 'Fira Sans', 'Droid Sans', 'Helvetica Neue', sans-serif;\"><span style=\"font-size: medium;\">Osobn\u00ed \u00fadaje <\/span><\/span><\/span><span style=\"color: #333333;\"><span style=\"font-family: apple-system, BlinkMacSystemFont, 'Segoe UI', Roboto, Oxygen-Sans, Oxygen, Ubuntu, Cantarell, 'Fira Sans', 'Droid Sans', 'Helvetica Neue', sans-serif;\"><span style=\"font-size: medium;\">Z\u00edsk\u00e1v\u00e1me pouze z Va\u0161ich objedn\u00e1vek, kter\u00e9 vytvo\u0159\u00edte na na\u0161em objedn\u00e1vkov\u00e9m formul\u00e1\u0159i na adrese www.newsregion.cz\u00a0 nebo p\u0159\u00edmo e-mailem info@vsecko.cz<\/span><\/span><\/span><\/p>\n<p><strong><span style=\"color: #333333;\"><span style=\"font-family: apple-system, BlinkMacSystemFont, 'Segoe UI', Roboto, Oxygen-Sans, Oxygen, Ubuntu, Cantarell, 'Fira Sans', 'Droid Sans', 'Helvetica Neue', sans-serif;\"><span style=\"font-size: x-large;\">4\/ <\/span><\/span><\/span><span style=\"color: #333333;\"><span style=\"font-family: apple-system, BlinkMacSystemFont, 'Segoe UI', Roboto, Oxygen-Sans, Oxygen, Ubuntu, Cantarell, 'Fira Sans', 'Droid Sans', 'Helvetica Neue', sans-serif;\"><span style=\"font-size: x-large;\">P<\/span><\/span><\/span><span style=\"color: #333333;\"><span style=\"font-family: apple-system, BlinkMacSystemFont, 'Segoe UI', Roboto, Oxygen-Sans, Oxygen, Ubuntu, Cantarell, 'Fira Sans', 'Droid Sans', 'Helvetica Neue', sans-serif;\"><span style=\"font-size: x-large;\">\u0159e<\/span><\/span><\/span><span style=\"color: #333333;\"><span style=\"font-family: apple-system, BlinkMacSystemFont, 'Segoe UI', Roboto, Oxygen-Sans, Oxygen, Ubuntu, Cantarell, 'Fira Sans', 'Droid Sans', 'Helvetica Neue', sans-serif;\"><span style=\"font-size: x-large;\">b\u00edr\u00e1n\u00ed <\/span><\/span><\/span><span style=\"color: #333333;\"><span style=\"font-family: apple-system, BlinkMacSystemFont, 'Segoe UI', Roboto, Oxygen-Sans, Oxygen, Ubuntu, Cantarell, 'Fira Sans', 'Droid Sans', 'Helvetica Neue', sans-serif;\"><span style=\"font-size: x-large;\">Va\u0161ich osobn\u00edch <\/span><\/span><\/span><span style=\"color: #333333;\"><span style=\"font-family: apple-system, BlinkMacSystemFont, 'Segoe UI', Roboto, Oxygen-Sans, Oxygen, Ubuntu, Cantarell, 'Fira Sans', 'Droid Sans', 'Helvetica Neue', sans-serif;\"><span style=\"font-size: x-large;\">\u00fadaj\u016f<\/span><\/span><\/span><\/strong><\/p>\n<p><span style=\"color: #333333;\"><span style=\"font-family: apple-system, BlinkMacSystemFont, 'Segoe UI', Roboto, Oxygen-Sans, Oxygen, Ubuntu, Cantarell, 'Fira Sans', 'Droid Sans', 'Helvetica Neue', sans-serif;\"><span style=\"font-size: medium;\">\u00dadaje nep\u0159eb\u00edr\u00e1me ani od na\u0161ich obchodn\u00edch partner\u016f<\/span><\/span><\/span><\/p>\n<h2 class=\"western\"><span style=\"color: #333333;\"><span style=\"font-family: apple-system, BlinkMacSystemFont, 'Segoe UI', Roboto, Oxygen-Sans, Oxygen, Ubuntu, Cantarell, 'Fira Sans', 'Droid Sans', 'Helvetica Neue', sans-serif;\"><span style=\"font-size: x-large;\">5\/ P\u0159ed\u00e1v\u00e1n\u00ed \u00fadaj\u016f do ostatn\u00edch zem\u00ed v\u010detn\u011b. EU<\/span><\/span><\/span><\/h2>\n<p><span style=\"color: #333333;\"><span style=\"font-family: apple-system, BlinkMacSystemFont, 'Segoe UI', Roboto, Oxygen-Sans, Oxygen, Ubuntu, Cantarell, 'Fira Sans', 'Droid Sans', 'Helvetica Neue', sans-serif;\"><span style=\"font-size: medium;\">Na\u0161e spole\u010dnost nep\u0159ed\u00e1v\u00e1 Va\u0161e \u00fadaje do dal\u0161\u00edch zem\u00ed v\u010detn\u011b EU. <\/span><\/span><\/span><\/p>\n<h2 class=\"western\"><span style=\"color: #333333;\"><span style=\"font-family: apple-system, BlinkMacSystemFont, 'Segoe UI', Roboto, Oxygen-Sans, Oxygen, Ubuntu, Cantarell, 'Fira Sans', 'Droid Sans', 'Helvetica Neue', sans-serif;\"><span style=\"font-size: x-large;\">6\/ Va\u0161e pr\u00e1va p\u0159i zpracov\u00e1n\u00ed osobn\u00edch \u00fadaj\u016f?<\/span><\/span><\/span><\/h2>\n<p><span style=\"color: #333333;\"><span style=\"font-family: apple-system, BlinkMacSystemFont, 'Segoe UI', Roboto, Oxygen-Sans, Oxygen, Ubuntu, Cantarell, 'Fira Sans', 'Droid Sans', 'Helvetica Neue', sans-serif;\"><span style=\"font-size: medium;\">Va\u0161e pr\u00e1va jsou stanoveny z\u00e1konem. <\/span><\/span><\/span><\/p>\n<p><span style=\"color: #333333;\"><span style=\"font-family: apple-system, BlinkMacSystemFont, 'Segoe UI', Roboto, Oxygen-Sans, Oxygen, Ubuntu, Cantarell, 'Fira Sans', 'Droid Sans', 'Helvetica Neue', sans-serif;\"><span style=\"font-size: medium;\">&#8211;<span style=\"color: #ff0000;\"> <strong>P\u0159\u00edstup<\/strong><\/span> zde se dozv\u00edte jak nakl\u00e1d\u00e1me s Va\u0161e-mi daty zpracov\u00e1n\u00ed, p\u0159ed\u00e1n\u00ed t\u0159et\u00edm stran\u00e1m v p\u0159\u00edpad\u011b nejasnost\u00ed V\u00e1m poskytneme individu\u00e1ln\u00ed v\u00fdpis kdo s Va\u0161e- mi daty p\u0159ich\u00e1z\u00ed do styku<\/span><\/span><\/span><\/p>\n<p><span style=\"color: #333333;\"><span style=\"font-family: apple-system, BlinkMacSystemFont, 'Segoe UI', Roboto, Oxygen-Sans, Oxygen, Ubuntu, Cantarell, 'Fira Sans', 'Droid Sans', 'Helvetica Neue', sans-serif;\"><span style=\"font-size: medium;\">&#8211; <span style=\"color: #ff0000;\"><strong>Oprava \u00fadaj\u016f<\/strong><\/span> Pokud zjist\u00edte, \u017ee osobn\u00ed \u00fadaje, kter\u00e9 o v\u00e1s zpracov\u00e1v\u00e1me, jsou nep\u0159esn\u00e9 nebo ne\u00fapln\u00e9, m\u00e1te pr\u00e1vo na to, abychom je bez zbyte\u010dn\u00e9ho odkladu opravili, pop\u0159\u00edpad\u011b doplnili.<\/span><\/span><\/span><\/p>\n<p><span style=\"color: #333333;\"><span style=\"font-family: apple-system, BlinkMacSystemFont, 'Segoe UI', Roboto, Oxygen-Sans, Oxygen, Ubuntu, Cantarell, 'Fira Sans', 'Droid Sans', 'Helvetica Neue', sans-serif;\"><span style=\"font-size: medium;\">&#8211;<span style=\"color: #ff0000;\"><strong>V\u00fdmaz \u00fadaj\u016f <\/strong><\/span>Va\u0161e \u00fadaje na Va\u0161i \u017e\u00e1dost vyma\u017eeme z na\u0161eho syst\u00e9mu bez zbyte\u010dn\u00e9ho z prodlen\u00ed. Pokud tomu nebudou br\u00e1nit legislativn\u00ed podm\u00ednky nap\u0159. Z\u00e1kon o DPH<\/span><\/span><\/span><\/p>\n<h3 class=\"western\"><span style=\"color: #333333;\"><span style=\"font-family: apple-system, BlinkMacSystemFont, 'Segoe UI', Roboto, Oxygen-Sans, Oxygen, Ubuntu, Cantarell, 'Fira Sans', 'Droid Sans', 'Helvetica Neue', sans-serif;\"><span style=\"font-size: x-large;\">7\/Mo\u017enost podat st\u00ed\u017enosti<\/span><\/span><\/span><\/h3>\n<p><span style=\"color: #333333;\"><span style=\"font-family: apple-system, BlinkMacSystemFont, 'Segoe UI', Roboto, Oxygen-Sans, Oxygen, Ubuntu, Cantarell, 'Fira Sans', 'Droid Sans', 'Helvetica Neue', sans-serif;\"><span style=\"font-size: medium;\">Ze z\u00e1kona o GDPR m\u00e1te pr\u00e1vo podat st\u00ed\u017enost k \u00da\u0159adu pro ochranu osobn\u00edch \u00fadaj\u016f, kter\u00fd se nach\u00e1z\u00ed na adrese Pplk. Sochora 27, 170 00 Praha 7 St\u00ed\u017enost m\u016f\u017eete podat z d\u016fvodu \u017ee se mysl\u00edte \u017ee \u0161patn\u011b zpracov\u00e1v\u00e1me Va\u0161e data nebo jin\u00e9 pochyben\u00ed s Va\u0161imi daty<\/span><\/span><\/span><\/p>\n<p><strong><span style=\"color: #333333;\"><span style=\"font-family: apple-system, BlinkMacSystemFont, 'Segoe UI', Roboto, Oxygen-Sans, Oxygen, Ubuntu, Cantarell, 'Fira Sans', 'Droid Sans', 'Helvetica Neue', sans-serif;\"><span style=\"font-size: x-large;\">8\/<\/span><\/span><\/span><span style=\"color: #333333;\"><span style=\"font-family: apple-system, BlinkMacSystemFont, 'Segoe UI', Roboto, Oxygen-Sans, Oxygen, Ubuntu, Cantarell, 'Fira Sans', 'Droid Sans', 'Helvetica Neue', sans-serif;\"><span style=\"font-size: x-large;\">Jak lze uplatnit jednotliv\u00e1 pr\u00e1va?<\/span><\/span><\/span><\/strong><\/p>\n<p><span style=\"color: #333333;\"><span style=\"font-family: apple-system, BlinkMacSystemFont, 'Segoe UI', Roboto, Oxygen-Sans, Oxygen, Ubuntu, Cantarell, 'Fira Sans', 'Droid Sans', 'Helvetica Neue', sans-serif;\"><span style=\"font-size: medium;\">Zavolejte nebo napi\u0161te na\u0161emu pov\u011b\u0159enci a v\u0161e spole\u010dn\u011b vy\u0159e\u0161\u00edme v nejkrat\u0161\u00ed mo\u017en\u00e9 dob\u011b. <\/span><\/span><\/span><\/p>\n<h2 class=\"western\"><span style=\"color: #333333;\"><span style=\"font-family: apple-system, BlinkMacSystemFont, 'Segoe UI', Roboto, Oxygen-Sans, Oxygen, Ubuntu, Cantarell, 'Fira Sans', 'Droid Sans', 'Helvetica Neue', sans-serif;\"><span style=\"font-size: x-large;\">9\/Pov\u011b\u0159enec pro ochranu osobn\u00edch \u00fadaj\u016f<\/span><\/span><\/span><\/h2>\n<p><span style=\"color: #333333;\"><span style=\"font-family: apple-system, BlinkMacSystemFont, 'Segoe UI', Roboto, Oxygen-Sans, Oxygen, Ubuntu, Cantarell, 'Fira Sans', 'Droid Sans', 'Helvetica Neue', sans-serif;\"><span style=\"font-size: medium;\">Ve v\u0161ech z\u00e1le\u017eitostech souvisej\u00edc\u00edch se zpracov\u00e1n\u00edm va\u0161ich osobn\u00edch \u00fadaj\u016f je v\u00e1m k\u00a0dispozici n\u00e1\u0161 pov\u011b\u0159enec pro\u00a0ochranu osobn\u00edch \u00fadaj\u016f. Petr Pazourek<\/span><\/span><\/span><\/p>\n<p><span style=\"color: #333333;\"><span style=\"font-family: apple-system, BlinkMacSystemFont, 'Segoe UI', Roboto, Oxygen-Sans, Oxygen, Ubuntu, Cantarell, 'Fira Sans', 'Droid Sans', 'Helvetica Neue', sans-serif;\"><span style=\"font-size: medium;\">Pov\u011b\u0159ence <\/span><\/span><\/span><span style=\"color: #333333;\"><span style=\"font-family: apple-system, BlinkMacSystemFont, 'Segoe UI', Roboto, Oxygen-Sans, Oxygen, Ubuntu, Cantarell, 'Fira Sans', 'Droid Sans', 'Helvetica Neue', sans-serif;\"><span style=\"font-size: medium;\">m\u016f\u017eete kontaktovat s dotazy a podporou <\/span><\/span><\/span><span style=\"color: #333333;\"><span style=\"font-family: apple-system, BlinkMacSystemFont, 'Segoe UI', Roboto, Oxygen-Sans, Oxygen, Ubuntu, Cantarell, 'Fira Sans', 'Droid Sans', 'Helvetica Neue', sans-serif;\"><span style=\"font-size: medium;\">telefonicky<\/span><\/span><\/span><span style=\"color: #333333;\"><span style=\"font-family: apple-system, BlinkMacSystemFont, 'Segoe UI', Roboto, Oxygen-Sans, Oxygen, Ubuntu, Cantarell, 'Fira Sans', 'Droid Sans', 'Helvetica Neue', sans-serif;\"><span style=\"font-size: medium;\"> na \u010d\u00edsle <\/span><\/span><\/span><span style=\"color: #333333;\"><span style=\"font-family: apple-system, BlinkMacSystemFont, 'Segoe UI', Roboto, Oxygen-Sans, Oxygen, Ubuntu, Cantarell, 'Fira Sans', 'Droid Sans', 'Helvetica Neue', sans-serif;\"><span style=\"font-size: medium;\">722 760 464 nebo na a-mailov\u00e9 adrese<\/span><\/span><\/span> <span style=\"color: #ff0000;\"><strong><span style=\"font-family: apple-system, BlinkMacSystemFont, 'Segoe UI', Roboto, Oxygen-Sans, Oxygen, Ubuntu, Cantarell, 'Fira Sans', 'Droid Sans', 'Helvetica Neue', sans-serif;\"><span style=\"font-size: medium;\">i<\/span><\/span><span style=\"font-family: apple-system, BlinkMacSystemFont, 'Segoe UI', Roboto, Oxygen-Sans, Oxygen, Ubuntu, Cantarell, 'Fira Sans', 'Droid Sans', 'Helvetica Neue', sans-serif;\"><span style=\"font-size: medium;\">nfo<\/span><\/span><span style=\"font-family: inherit;\"><span style=\"font-size: medium;\"><a style=\"color: #ff0000;\" href=\"mailto:dpo@mallgroup.com\" target=\"_blank\" rel=\"noopener noreferrer\">@<\/a><\/span><\/span><span style=\"font-family: inherit;\"><span style=\"font-size: medium;\">vsecko.cz<\/span><\/span><\/strong><\/span><\/p>\n<p>Pozn\u00e1mka. V p\u0159\u00edpad\u011b nejasnost\u00ed m\u011b pros\u00edm kontaktujte r\u00e1d to s V\u00e1mi vy\u0159e\u0161\u00edm\u00a0 \u00a0Petr Pazourek<\/p>\n","protected":false},"excerpt":{"rendered":"<p>Ve firm\u011b\u00a0 Petr Pazourek\u00a0 zpracov\u00e1v\u00e1me osobn\u00ed \u00fadaje a zaji\u0161\u0165ujeme jejich n\u00e1slednou ochranu. V tomto dokumente se dozv\u00edte jak uchov\u00e1v\u00e1me Va\u0161e data a komu je poskytujeme. D\u00e1le se dozv\u00edte jak postupovat v p\u0159\u00edpad\u011b \u017ee budete s na\u0161\u00ed spr\u00e1vou osobn\u00edch \u00fadaj\u016f nespokojeni&#8230;. <a href=\"https:\/\/www.newsregion.cz\/index.php\/ochrana-osobnich-udaju\/\" class=\"readmore\">Read more<span class=\"screen-reader-text\">Ochrana osobn\u00edch \u00fad\u00e1j\u016f<\/span><span class=\"fa fa-angle-double-right\" aria-hidden=\"true\"><\/span><\/a><\/p>\n","protected":false},"author":1,"featured_media":0,"parent":0,"menu_order":0,"comment_status":"closed","ping_status":"closed","template":"","meta":{"footnotes":""},"class_list":["post-657","page","type-page","status-publish","hentry"],"_links":{"self":[{"href":"https:\/\/www.newsregion.cz\/index.php\/wp-json\/wp\/v2\/pages\/657"}],"collection":[{"href":"https:\/\/www.newsregion.cz\/index.php\/wp-json\/wp\/v2\/pages"}],"about":[{"href":"https:\/\/www.newsregion.cz\/index.php\/wp-json\/wp\/v2\/types\/page"}],"author":[{"embeddable":true,"href":"https:\/\/www.newsregion.cz\/index.php\/wp-json\/wp\/v2\/users\/1"}],"replies":[{"embeddable":true,"href":"https:\/\/www.newsregion.cz\/index.php\/wp-json\/wp\/v2\/comments?post=657"}],"version-history":[{"count":5,"href":"https:\/\/www.newsregion.cz\/index.php\/wp-json\/wp\/v2\/pages\/657\/revisions"}],"predecessor-version":[{"id":766,"href":"https:\/\/www.newsregion.cz\/index.php\/wp-json\/wp\/v2\/pages\/657\/revisions\/766"}],"wp:attachment":[{"href":"https:\/\/www.newsregion.cz\/index.php\/wp-json\/wp\/v2\/media?parent=657"}],"curies":[{"name":"wp","href":"https:\/\/api.w.org\/{rel}","templated":true}]}}