{"id":652,"date":"2021-02-23T07:37:05","date_gmt":"2021-02-23T07:37:05","guid":{"rendered":"http:\/\/www.newsregion.cz\/?page_id=652"},"modified":"2022-07-27T16:59:14","modified_gmt":"2022-07-27T16:59:14","slug":"652-2","status":"publish","type":"page","link":"https:\/\/www.newsregion.cz\/index.php\/652-2\/","title":{"rendered":"Obchodn\u00ed podm\u00ednky"},"content":{"rendered":"\t\t<div data-elementor-type=\"wp-page\" data-elementor-id=\"652\" class=\"elementor elementor-652\">\n\t\t\t\t\t\t<section class=\"elementor-section elementor-top-section elementor-element elementor-element-6b5ceec5 elementor-section-boxed elementor-section-height-default elementor-section-height-default\" data-id=\"6b5ceec5\" data-element_type=\"section\">\n\t\t\t\t\t\t<div class=\"elementor-container elementor-column-gap-default\">\n\t\t\t\t\t<div class=\"elementor-column elementor-col-100 elementor-top-column elementor-element elementor-element-1ef6b4b4\" data-id=\"1ef6b4b4\" data-element_type=\"column\">\n\t\t\t<div class=\"elementor-widget-wrap elementor-element-populated\">\n\t\t\t\t\t\t<div class=\"elementor-element elementor-element-78f64ce4 elementor-widget elementor-widget-text-editor\" data-id=\"78f64ce4\" data-element_type=\"widget\" data-widget_type=\"text-editor.default\">\n\t\t\t\t<div class=\"elementor-widget-container\">\n\t\t\t\t\t\t\t<p><\/p>\n<p><span style=\"font-weight: bold; color: #ff0000;\">Identifikace<\/span><\/p>\n<p>Firma Petr Pazourek \u2002se s\u00eddlem \u2002<b>Pod Hradbami 78<\/b><strong style=\"font-style: inherit;\">,&nbsp; Prachatice 383 01&nbsp;&nbsp;<\/strong>identifika\u010dn\u00ed \u010d\u00edslo: 18273424\u2002zapsan\u00fd v \u017eivnostensk\u00fdm&nbsp; rejst\u0159\u00edku.<\/p>\n<p><b>\u017divnostensk\u00fd&nbsp;opr\u00e1vn\u011bn\u00ed vydal&nbsp; \u017divnostensk\u00fd \u00fa\u0159ad v Prachatic\u00edch<\/b><\/p>\n<p>pro prodej zbo\u017e\u00ed a slu\u017eeb&nbsp; on-line&nbsp; um\u00edst\u011bn\u00e9ho<i> <\/i>na internetov\u00e9 adrese&nbsp;<strong style=\"font-style: inherit;\"><a href=\"https:\/\/www.newsregion.cz\">www.newsregion.cz<\/a>&nbsp;&nbsp; d\u00e1le jako &nbsp;vydavatel<\/strong><\/p>\n<p><span style=\"color: #ff0000;\"><b>Zam\u011b\u0159en\u00ed<\/b><\/span><\/p>\n<p>Tyto smluvn\u00ed podm\u00ednky sjedn\u00e1vaj\u00ed pr\u00e1va a povinnosti mezi provozovatelem: vydavatelem webov\u00fdch str\u00e1nek newsregion.cz a kone\u010dn\u00fdmi u\u017eivateli.&nbsp;&nbsp;<span style=\"color: var( --e-global-color-text ); font-family: var( --e-global-typography-text-font-family ), Sans-serif; font-weight: var( --e-global-typography-text-font-weight );\">Str\u00e1nky jsou zam\u011b\u0159en\u00e9 na poskytov\u00e1n\u00ed informac\u00ed a zpravodajstv\u00ed v\u010detn\u011b reklamy pro ve\u0159ejnost z&nbsp;prachatick\u00e9ho okresu. K&nbsp;n\u00e1v\u0161t\u011bv\u011b str\u00e1nek newsregion.cz nen\u00ed pot\u0159eba \u017e\u00e1dn\u00e1 registrace. &nbsp;Kone\u010dn\u00fd u\u017eivatel vyu\u017e\u00edv\u00e1 str\u00e1nky ke \u010dten\u00ed v\u0161ech rubrik bez omezen\u00ed a bez poplatk\u016f<\/span><\/p>\n<p><span style=\"color: #ff0000;\"><strong>Odpov\u011bdnost za p\u0159\u00edsp\u011bvky a reklamu<\/strong><\/span><\/p>\n<p>1\/Odpov\u011bdnost za p\u0159\u00edsp\u011bvky nese vydavatel<\/p>\n<p>2\/Odpov\u011bdnost za reklamn\u00ed p\u0159\u00edsp\u011bvky propaga\u010dn\u00ed \u010dl\u00e1nky a obsah reklamy nese zadavatel reklamy<\/p>\n<p>3\/P\u0159\u00edsp\u011bvky od ve\u0159ejnosti nese podepsan\u00fd autor<\/p>\n<p><span style=\"color: #ff0000;\"><strong>Reklama a inzerce<\/strong><\/span><\/p>\n<p>Reklama na t\u011bchto str\u00e1nk\u00e1ch se rozum\u00ed v\u0161e, co je zpoplatn\u011bno. Reklamu a inzerci m\u016f\u017eou vyu\u017e\u00edvat soukrom\u00e9 osoby a firmy. Smluvn\u00ed vztah za\u010d\u00edn\u00e1 objedn\u00e1n\u00edm slu\u017eeb. Objedn\u00e1n\u00ed reklamy a inzerce je z\u00e1vazn\u00e9 po vz\u00e1jemn\u00e9m potvrzen\u00ed obou stran.&nbsp;&nbsp;<\/p>\n<p><strong><span style=\"color: #ff0000;\">P\u0159ehled reklamy<\/span><\/strong><\/p>\n<p>Bannery v&nbsp;prav\u00e9 \u010d\u00e1sti webu, odkazy na str\u00e1nky, reklamn\u00ed \u010dl\u00e1nky a d\u00e1le v\u0161echny placen\u00e9 sekce Auto-moto, pr\u00e1ce, nab\u00eddka, popt\u00e1vka, reality, firmy.<\/p>\n<p><span style=\"color: #ff0000;\"><strong>Cena reklamy&nbsp;<\/strong><\/span><\/p>\n<p>Cen\u00edk reklamy je uveden p\u0159\u00edmo na str\u00e1nk\u00e1ch newsregion.cz v&nbsp;sekci cen\u00edk a objedn\u00e1vka. Ceny za bannery jsou smluvn\u00ed mezi vydavatelem a objednavatelem.&nbsp; Sekce inzerce , z radnice, zpr\u00e1vy jsou zdarma.<\/p>\n<p><strong style=\"font-family: var( --e-global-typography-text-font-family ), Sans-serif; color: #ff0000;\">Objedn\u00e1n\u00ed reklamy<\/strong><\/p>\n<p>Objednavatel objedn\u00e1 a vydavatel potvrd\u00ed objedn\u00e1vku. Pro objedn\u00e1vku&nbsp; lze pou\u017e\u00edt objedn\u00e1vkov\u00fd formul\u00e1\u0159, kter\u00fd je p\u0159\u00edmo na str\u00e1nk\u00e1ch newsregion.cz nebo p\u0159\u00edmo pomoc\u00ed e-mailu&nbsp;<a style=\"background-color: #ffffff;\" href=\"mailto:info@vsecko.cz\">info@vsecko.cz<\/a><span style=\"color: var( --e-global-color-text ); font-family: var( --e-global-typography-text-font-family ), Sans-serif; font-weight: var( --e-global-typography-text-font-weight );\"><br><\/span><\/p>\n<p><span style=\"color: #ff0000;\"><span style=\"color: #ff0000;\"><b>Zah\u00e1jen\u00ed<\/b><\/span><strong style=\"color: #ff0000;\">&nbsp; reklamy na na\u0161ich str\u00e1nk\u00e1ch<\/strong><\/span><\/p>\n<p>Po objedn\u00e1vce bude objednavatel informov\u00e1n o nasazen\u00ed jeho prezentace a m\u00e1 mo\u017enost se reklam\u011b vyj\u00e1d\u0159it. Po odsouhlasen\u00ed bude prezentace spu\u0161t\u011bn\u00e1. V p\u0159\u00edpad\u011b \u017ee tvo\u0159\u00edme grafick\u00fd n\u00e1vrh bude V\u00e1m zasl\u00e1n e-mailem k odsouhlasen\u00ed.&nbsp;<\/p>\n<p><span style=\"color: #ff0000;\"><strong>Fakturace &nbsp;<\/strong><\/span><\/p>\n<p>Fakturace bude provedena po spu\u0161t\u011bn\u00ed reklamy a n\u00e1sledn\u011b zasl\u00e1na objednavateli. &nbsp;Vydavatel si vyhrazuje pr\u00e1vo na uplatn\u011bn\u00ed platby v&nbsp;hotovosti nebo p\u0159edem.&nbsp;<\/p>\n<p><span style=\"color: #ff0000;\"><strong>Odstoupen\u00ed od smlouvy<\/strong><\/span><\/p>\n<p>Odstoupit od smlouvy m\u016f\u017ee objednavatel 4 dny p\u0159ed zve\u0159ejn\u011bn\u00edm reklamy na str\u00e1nk\u00e1ch newsregion.cz bez poplatk\u016f a storna. Odstoupit od smlouvy m\u016f\u017ee i vydavatel v p\u0159\u00edpad\u011b \u017ee zjist\u00ed nekal\u00e9 praktiky, nebo reklama by odporovala z\u00e1kon\u016fm \u010cR a EU a dobr\u00fdm mrav\u016fm. V tomto p\u0159\u00edpad\u011b bude reklama vypnuta. V budoucnu nebude s objednavatelem spolupr\u00e1ce mo\u017en\u00e1.&nbsp;<\/p>\n<p><span style=\"color: #ff0000;\"><strong>Storno poplatky<\/strong><\/span><\/p>\n<p>Ukon\u010den\u00ed 3 dny p\u0159ed zve\u0159ejn\u011bn\u00edm 30%<\/p>\n<p>Ukon\u010den\u00ed 2 dny p\u0159ed zve\u0159ejn\u011bn\u00edm 40%<\/p>\n<p>Ukon\u010den\u00ed 1 den p\u0159ed zve\u0159ejn\u011bn\u00edm a v pr\u016fb\u011bhu zve\u0159ejn\u011bn\u00ed &nbsp;&nbsp;50%&nbsp;<\/p>\n<p>V p\u0159\u00edpad\u011b \u017ee reklama bude zaplacena a ukon\u010dena podle odstavce odstoupen\u00ed od smlouvy viz v\u00fd\u0161e.&nbsp; Nebude objednavateli&nbsp; proplacen zbytek nevy\u010derpan\u00e9 reklamy.<\/p>\n<p><strong style=\"color: #ff0000; font-family: var( --e-global-typography-text-font-family ), Sans-serif;\">Ozn\u00e1men\u00ed v&nbsp;nal\u00e9hav\u00e9m ve\u0159ejn\u00e9m z\u00e1jmu<\/strong><\/p>\n<p>V p\u0159\u00edpad\u011b nal\u00e9hav\u00e9m ve\u0159ejn\u00e9m z\u00e1jmu zde vyd\u00e1me ozn\u00e1men\u00ed o tomto stavu. Jedn\u00e1 se o stav nouze, v\u00e1le\u010dn\u00fd stav, stav ohro\u017een\u00ed a \u017eiveln\u00e9 situace ohro\u017euj\u00edc\u00ed \u017eivoty., v\u00fdzvy po poh\u0159e\u0161ovan\u00fdch. Ozn\u00e1men\u00ed&nbsp; bude zve\u0159ejn\u011bno na pokyn&nbsp; Police, m\u011bstsk\u00e9 \u00fa\u0159ady a st\u00e1tn\u00ed spr\u00e1vy.<\/p>\n<p><strong><span style=\"color: #ff0000;\">Ostatn\u00ed ujedn\u00e1n\u00ed<\/span><\/strong><\/p>\n<p><span style=\"font-family: var( --e-global-typography-text-font-family ), Sans-serif; font-weight: var( --e-global-typography-text-font-weight );\">V p\u0159\u00edpad\u011b \u017ee objednavatel bude v prodlen\u00ed s platbou nebude mu poskytnut reklamn\u00ed prostor do \u00fapln\u00e9 \u00fahrady.&nbsp;<\/span><\/p>\n<p><strong>Ve\u0161ker\u00e9 ujedn\u00e1n\u00ed se \u0159\u00edd\u00ed platn\u00fdmi p\u0159edpisy \u010cR a EU.<\/strong><\/p>\n<p><strong>Obchodn\u00ed podm\u00ednky vyhotovil Petr Pazourek a jsou platn\u00e9 od 01.03.2021<\/strong><\/p>\n<p><strong>&nbsp;<\/strong><\/p>\n<p><strong>&nbsp;<\/strong><\/p>\t\t\t\t\t\t<\/div>\n\t\t\t\t<\/div>\n\t\t\t\t\t<\/div>\n\t\t<\/div>\n\t\t\t\t\t<\/div>\n\t\t<\/section>\n\t\t\t\t<\/div>\n\t\t","protected":false},"excerpt":{"rendered":"<p>Identifikace Firma Petr Pazourek \u2002se s\u00eddlem \u2002Pod Hradbami 78,&nbsp; Prachatice 383 01&nbsp;&nbsp;identifika\u010dn\u00ed \u010d\u00edslo: 18273424\u2002zapsan\u00fd v \u017eivnostensk\u00fdm&nbsp; rejst\u0159\u00edku. \u017divnostensk\u00fd&nbsp;opr\u00e1vn\u011bn\u00ed vydal&nbsp; \u017divnostensk\u00fd \u00fa\u0159ad v Prachatic\u00edch pro prodej zbo\u017e\u00ed a slu\u017eeb&nbsp; on-line&nbsp; um\u00edst\u011bn\u00e9ho na internetov\u00e9 adrese&nbsp;www.newsregion.cz&nbsp;&nbsp; d\u00e1le jako &nbsp;vydavatel Zam\u011b\u0159en\u00ed Tyto smluvn\u00ed podm\u00ednky&#8230; <a href=\"https:\/\/www.newsregion.cz\/index.php\/652-2\/\" class=\"readmore\">Read more<span class=\"screen-reader-text\">Obchodn\u00ed podm\u00ednky<\/span><span class=\"fa fa-angle-double-right\" aria-hidden=\"true\"><\/span><\/a><\/p>\n","protected":false},"author":1,"featured_media":0,"parent":0,"menu_order":0,"comment_status":"closed","ping_status":"closed","template":"","meta":{"footnotes":""},"class_list":["post-652","page","type-page","status-publish","hentry"],"_links":{"self":[{"href":"https:\/\/www.newsregion.cz\/index.php\/wp-json\/wp\/v2\/pages\/652"}],"collection":[{"href":"https:\/\/www.newsregion.cz\/index.php\/wp-json\/wp\/v2\/pages"}],"about":[{"href":"https:\/\/www.newsregion.cz\/index.php\/wp-json\/wp\/v2\/types\/page"}],"author":[{"embeddable":true,"href":"https:\/\/www.newsregion.cz\/index.php\/wp-json\/wp\/v2\/users\/1"}],"replies":[{"embeddable":true,"href":"https:\/\/www.newsregion.cz\/index.php\/wp-json\/wp\/v2\/comments?post=652"}],"version-history":[{"count":32,"href":"https:\/\/www.newsregion.cz\/index.php\/wp-json\/wp\/v2\/pages\/652\/revisions"}],"predecessor-version":[{"id":988,"href":"https:\/\/www.newsregion.cz\/index.php\/wp-json\/wp\/v2\/pages\/652\/revisions\/988"}],"wp:attachment":[{"href":"https:\/\/www.newsregion.cz\/index.php\/wp-json\/wp\/v2\/media?parent=652"}],"curies":[{"name":"wp","href":"https:\/\/api.w.org\/{rel}","templated":true}]}}