{"id":637,"date":"2021-02-18T09:49:10","date_gmt":"2021-02-18T09:49:10","guid":{"rendered":"http:\/\/www.newsregion.cz\/?page_id=637"},"modified":"2023-12-12T11:20:14","modified_gmt":"2023-12-12T11:20:14","slug":"poptavka","status":"publish","type":"page","link":"https:\/\/www.newsregion.cz\/index.php\/poptavka\/","title":{"rendered":"Popt\u00e1vka a nab\u00eddka"},"content":{"rendered":"\n<p style=\"font-size:25px\">Nab\u00eddky<\/p>\n\n\n<p>18.02.2023. Hled\u00e1me firmu na v\u00fdkopov\u00e9 pr\u00e1ce telefon 123456789 pozor toto je pouze vzor d\u011bkuji.<\/p>\n<p><\/p>","protected":false},"excerpt":{"rendered":"<p>Nab\u00eddky 18.02.2023. Hled\u00e1me firmu na v\u00fdkopov\u00e9 pr\u00e1ce telefon 123456789 pozor toto je pouze vzor d\u011bkuji.<\/p>\n","protected":false},"author":1,"featured_media":0,"parent":0,"menu_order":0,"comment_status":"closed","ping_status":"closed","template":"","meta":{"footnotes":""},"class_list":["post-637","page","type-page","status-publish","hentry"],"_links":{"self":[{"href":"https:\/\/www.newsregion.cz\/index.php\/wp-json\/wp\/v2\/pages\/637"}],"collection":[{"href":"https:\/\/www.newsregion.cz\/index.php\/wp-json\/wp\/v2\/pages"}],"about":[{"href":"https:\/\/www.newsregion.cz\/index.php\/wp-json\/wp\/v2\/types\/page"}],"author":[{"embeddable":true,"href":"https:\/\/www.newsregion.cz\/index.php\/wp-json\/wp\/v2\/users\/1"}],"replies":[{"embeddable":true,"href":"https:\/\/www.newsregion.cz\/index.php\/wp-json\/wp\/v2\/comments?post=637"}],"version-history":[{"count":12,"href":"https:\/\/www.newsregion.cz\/index.php\/wp-json\/wp\/v2\/pages\/637\/revisions"}],"predecessor-version":[{"id":1142,"href":"https:\/\/www.newsregion.cz\/index.php\/wp-json\/wp\/v2\/pages\/637\/revisions\/1142"}],"wp:attachment":[{"href":"https:\/\/www.newsregion.cz\/index.php\/wp-json\/wp\/v2\/media?parent=637"}],"curies":[{"name":"wp","href":"https:\/\/api.w.org\/{rel}","templated":true}]}}