{"id":470,"date":"2021-02-14T13:44:02","date_gmt":"2021-02-14T13:44:02","guid":{"rendered":"http:\/\/www.newsregion.cz\/?page_id=470"},"modified":"2021-02-14T13:46:15","modified_gmt":"2021-02-14T13:46:15","slug":"auto-moto","status":"publish","type":"page","link":"https:\/\/www.newsregion.cz\/index.php\/auto-moto\/","title":{"rendered":"Auto &#8211; moto"},"content":{"rendered":"\t\t<div data-elementor-type=\"wp-page\" data-elementor-id=\"470\" class=\"elementor elementor-470\">\n\t\t\t\t\t\t<section class=\"elementor-section elementor-top-section elementor-element elementor-element-97cad44 elementor-section-boxed elementor-section-height-default elementor-section-height-default\" data-id=\"97cad44\" data-element_type=\"section\">\n\t\t\t\t\t\t<div class=\"elementor-container elementor-column-gap-default\">\n\t\t\t\t\t<div class=\"elementor-column elementor-col-33 elementor-top-column elementor-element elementor-element-2b16308\" data-id=\"2b16308\" data-element_type=\"column\">\n\t\t\t<div class=\"elementor-widget-wrap elementor-element-populated\">\n\t\t\t\t\t\t<div class=\"elementor-element elementor-element-1c1172d elementor-widget elementor-widget-image\" data-id=\"1c1172d\" data-element_type=\"widget\" data-widget_type=\"image.default\">\n\t\t\t\t<div class=\"elementor-widget-container\">\n\t\t\t\t\t\t\t\t\t\t\t\t\t<img decoding=\"async\" width=\"150\" height=\"150\" src=\"https:\/\/www.newsregion.cz\/wp-content\/uploads\/2021\/02\/postak-150x150.jpg\" class=\"attachment-thumbnail size-thumbnail wp-image-63\" alt=\"\" \/>\t\t\t\t\t\t\t\t\t\t\t\t\t<\/div>\n\t\t\t\t<\/div>\n\t\t\t\t\t<\/div>\n\t\t<\/div>\n\t\t\t\t<div class=\"elementor-column elementor-col-66 elementor-top-column elementor-element elementor-element-5be373c\" data-id=\"5be373c\" data-element_type=\"column\">\n\t\t\t<div class=\"elementor-widget-wrap elementor-element-populated\">\n\t\t\t\t\t\t<div class=\"elementor-element elementor-element-ce0b143 elementor-widget elementor-widget-text-editor\" data-id=\"ce0b143\" data-element_type=\"widget\" data-widget_type=\"text-editor.default\">\n\t\t\t\t<div class=\"elementor-widget-container\">\n\t\t\t\t\t\t\t<p>Zde m\u016f\u017ee b\u00fdt V\u00e1\u0161 inzer\u00e1t na prodej Va\u0161eho vozu<\/p>\t\t\t\t\t\t<\/div>\n\t\t\t\t<\/div>\n\t\t\t\t\t<\/div>\n\t\t<\/div>\n\t\t\t\t\t<\/div>\n\t\t<\/section>\n\t\t\t\t<\/div>\n\t\t","protected":false},"excerpt":{"rendered":"<p>Zde m\u016f\u017ee b\u00fdt V\u00e1\u0161 inzer\u00e1t na prodej Va\u0161eho vozu<\/p>\n","protected":false},"author":1,"featured_media":0,"parent":0,"menu_order":0,"comment_status":"closed","ping_status":"closed","template":"","meta":{"footnotes":""},"class_list":["post-470","page","type-page","status-publish","hentry"],"_links":{"self":[{"href":"https:\/\/www.newsregion.cz\/index.php\/wp-json\/wp\/v2\/pages\/470"}],"collection":[{"href":"https:\/\/www.newsregion.cz\/index.php\/wp-json\/wp\/v2\/pages"}],"about":[{"href":"https:\/\/www.newsregion.cz\/index.php\/wp-json\/wp\/v2\/types\/page"}],"author":[{"embeddable":true,"href":"https:\/\/www.newsregion.cz\/index.php\/wp-json\/wp\/v2\/users\/1"}],"replies":[{"embeddable":true,"href":"https:\/\/www.newsregion.cz\/index.php\/wp-json\/wp\/v2\/comments?post=470"}],"version-history":[{"count":4,"href":"https:\/\/www.newsregion.cz\/index.php\/wp-json\/wp\/v2\/pages\/470\/revisions"}],"predecessor-version":[{"id":474,"href":"https:\/\/www.newsregion.cz\/index.php\/wp-json\/wp\/v2\/pages\/470\/revisions\/474"}],"wp:attachment":[{"href":"https:\/\/www.newsregion.cz\/index.php\/wp-json\/wp\/v2\/media?parent=470"}],"curies":[{"name":"wp","href":"https:\/\/api.w.org\/{rel}","templated":true}]}}