{"id":121,"date":"2021-02-04T16:54:22","date_gmt":"2021-02-04T16:54:22","guid":{"rendered":"http:\/\/www.newsregion.cz\/?page_id=121"},"modified":"2024-10-31T15:10:57","modified_gmt":"2024-10-31T15:10:57","slug":"prace","status":"publish","type":"page","link":"https:\/\/www.newsregion.cz\/","title":{"rendered":"Pr\u00e1ce"},"content":{"rendered":"\n<p class=\"has-black-color has-text-color has-link-color wp-elements-5a6a67b805ac739442b49def238981d5\">15.10.2024 Kucha\u0159 hled\u00e1 zam\u011bstn\u00e1n\u00ed v Prachatic\u00edch a okol\u00ed Telefon 775187106<\/p>\n\n\n\n<p><\/p>\n\n\n<\/p>","protected":false},"excerpt":{"rendered":"<p>15.10.2024 Kucha\u0159 hled\u00e1 zam\u011bstn\u00e1n\u00ed v Prachatic\u00edch a okol\u00ed Telefon 775187106<\/p>\n","protected":false},"author":1,"featured_media":0,"parent":0,"menu_order":0,"comment_status":"closed","ping_status":"closed","template":"","meta":{"footnotes":""},"class_list":["post-121","page","type-page","status-publish","hentry"],"_links":{"self":[{"href":"https:\/\/www.newsregion.cz\/index.php\/wp-json\/wp\/v2\/pages\/121"}],"collection":[{"href":"https:\/\/www.newsregion.cz\/index.php\/wp-json\/wp\/v2\/pages"}],"about":[{"href":"https:\/\/www.newsregion.cz\/index.php\/wp-json\/wp\/v2\/types\/page"}],"author":[{"embeddable":true,"href":"https:\/\/www.newsregion.cz\/index.php\/wp-json\/wp\/v2\/users\/1"}],"replies":[{"embeddable":true,"href":"https:\/\/www.newsregion.cz\/index.php\/wp-json\/wp\/v2\/comments?post=121"}],"version-history":[{"count":48,"href":"https:\/\/www.newsregion.cz\/index.php\/wp-json\/wp\/v2\/pages\/121\/revisions"}],"predecessor-version":[{"id":1189,"href":"https:\/\/www.newsregion.cz\/index.php\/wp-json\/wp\/v2\/pages\/121\/revisions\/1189"}],"wp:attachment":[{"href":"https:\/\/www.newsregion.cz\/index.php\/wp-json\/wp\/v2\/media?parent=121"}],"curies":[{"name":"wp","href":"https:\/\/api.w.org\/{rel}","templated":true}]}}