{"id":1066,"date":"2023-02-11T16:25:01","date_gmt":"2023-02-11T16:25:01","guid":{"rendered":"https:\/\/www.newsregion.cz\/?page_id=1066"},"modified":"2024-10-31T15:38:20","modified_gmt":"2024-10-31T15:38:20","slug":"cenik-a-objednavka","status":"publish","type":"page","link":"https:\/\/www.newsregion.cz\/index.php\/cenik-a-objednavka\/","title":{"rendered":"Cen\u00edk a objedn\u00e1vka"},"content":{"rendered":"\t\t<div data-elementor-type=\"wp-page\" data-elementor-id=\"1066\" class=\"elementor elementor-1066\">\n\t\t\t\t\t\t<section class=\"elementor-section elementor-top-section elementor-element elementor-element-c989946 elementor-section-boxed elementor-section-height-default elementor-section-height-default\" data-id=\"c989946\" data-element_type=\"section\">\n\t\t\t\t\t\t<div class=\"elementor-container elementor-column-gap-default\">\n\t\t\t\t\t<div class=\"elementor-column elementor-col-100 elementor-top-column elementor-element elementor-element-d97b6ba\" data-id=\"d97b6ba\" data-element_type=\"column\">\n\t\t\t<div class=\"elementor-widget-wrap elementor-element-populated\">\n\t\t\t\t\t\t<div class=\"elementor-element elementor-element-5826bcb elementor-widget elementor-widget-text-editor\" data-id=\"5826bcb\" data-element_type=\"widget\" data-widget_type=\"text-editor.default\">\n\t\t\t\t<div class=\"elementor-widget-container\">\n\t\t\t\t\t\t\t<h5><span style=\"color: #000000;\">Pr\u00e1ce\u00a0<span style=\"color: #ff0000;\"> 50,-<\/span> K\u010d za den jen pro firmy<\/span><\/h5><h5><span style=\"color: #000000;\">Popt\u00e1vka a nab\u00eddka\u00a0 \u00a0<span style=\"color: #ff0000;\">25,-\u00a0<\/span>K\u010d za den<\/span><\/h5><h5><span style=\"color: #000000;\">Auto moto<span style=\"color: #ff0000;\"> 25,-<\/span> K\u010d za den<\/span><\/h5><div><strong><span style=\"color: #000000;\">Prodej firem a e-shopu<span style=\"color: #ff0000;\"> 50,<\/span>&#8211; K\u010d na den<\/span><\/strong><\/div><h5><span style=\"color: #000000;\">Reality<span style=\"color: #ff0000;\"> 25,-<\/span> K\u010d za den<\/span><\/h5><h5><span style=\"color: #000000;\">Kupony a slevy\u00a0 <span style=\"color: #ff0000;\">25,-\u00a0<\/span>K\u010d za den<\/span><\/h5><h5><span style=\"color: #000000;\">Firmy prezentace\u00a0 <span style=\"color: #ff0000;\">3,-\u00a0<\/span>K\u010d za den<\/span><\/h5><h5><span style=\"color: #000000;\">Reklama formou banneru dohodou<\/span><\/h5><h5><span style=\"color: #000000;\">Grafick\u00e9 pr\u00e1ce <span style=\"color: #ff0000;\">300,-K\u010d<\/span> za hodinu<\/span><\/h5><div><span style=\"color: #000000;\">Zdarma sekce\u00a0 pr\u00e1ce pro zam\u011bstnance, inzerce<\/span><br \/><span style=\"color: #000000;\"><br \/><\/span><\/div><div><span style=\"color: #ff0000;\"><strong>\u00a0Do 31.12.2024 V\u0161echny sekce zdarma<\/strong><\/span><\/div><div>\u00a0<\/div><div><strong><span style=\"color: #000000;\">Cen\u00edk je platn\u00fd od 01.01.2024<\/span><\/strong><\/div>\t\t\t\t\t\t<\/div>\n\t\t\t\t<\/div>\n\t\t\t\t\t<\/div>\n\t\t<\/div>\n\t\t\t\t\t<\/div>\n\t\t<\/section>\n\t\t\t\t<section class=\"elementor-section elementor-top-section elementor-element elementor-element-aa294de elementor-section-boxed elementor-section-height-default elementor-section-height-default\" data-id=\"aa294de\" data-element_type=\"section\">\n\t\t\t\t\t\t<div class=\"elementor-container elementor-column-gap-default\">\n\t\t\t\t\t<div class=\"elementor-column elementor-col-50 elementor-top-column elementor-element elementor-element-f36e373\" data-id=\"f36e373\" data-element_type=\"column\">\n\t\t\t<div class=\"elementor-widget-wrap elementor-element-populated\">\n\t\t\t\t\t\t<div class=\"elementor-element elementor-element-9e939cc elementor-align-left elementor-widget elementor-widget-button\" data-id=\"9e939cc\" data-element_type=\"widget\" data-widget_type=\"button.default\">\n\t\t\t\t<div class=\"elementor-widget-container\">\n\t\t\t\t\t\t\t<div class=\"elementor-button-wrapper\">\n\t\t\t\t\t<a class=\"elementor-button elementor-button-link elementor-size-lg\" href=\"https:\/\/www.newsregion.cz\/index.php\/objednavka\/\" target=\"_blank\">\n\t\t\t\t\t\t<span class=\"elementor-button-content-wrapper\">\n\t\t\t\t\t\t\t\t\t<span class=\"elementor-button-text\">Objedn\u00e1vka slu\u017eeb<\/span>\n\t\t\t\t\t<\/span>\n\t\t\t\t\t<\/a>\n\t\t\t\t<\/div>\n\t\t\t\t\t\t<\/div>\n\t\t\t\t<\/div>\n\t\t\t\t\t<\/div>\n\t\t<\/div>\n\t\t\t\t<div class=\"elementor-column elementor-col-50 elementor-top-column elementor-element elementor-element-a386050\" data-id=\"a386050\" data-element_type=\"column\">\n\t\t\t<div class=\"elementor-widget-wrap\">\n\t\t\t\t\t\t\t<\/div>\n\t\t<\/div>\n\t\t\t\t\t<\/div>\n\t\t<\/section>\n\t\t\t\t<\/div>\n\t\t","protected":false},"excerpt":{"rendered":"<p>Pr\u00e1ce\u00a0 50,- K\u010d za den jen pro firmy Popt\u00e1vka a nab\u00eddka\u00a0 \u00a025,-\u00a0K\u010d za den Auto moto 25,- K\u010d za den Prodej firem a e-shopu 50,- K\u010d na den Reality 25,- K\u010d za den Kupony a slevy\u00a0 25,-\u00a0K\u010d za den Firmy&#8230; <a href=\"https:\/\/www.newsregion.cz\/index.php\/cenik-a-objednavka\/\" class=\"readmore\">Read more<span class=\"screen-reader-text\">Cen\u00edk a objedn\u00e1vka<\/span><span class=\"fa fa-angle-double-right\" aria-hidden=\"true\"><\/span><\/a><\/p>\n","protected":false},"author":1,"featured_media":0,"parent":0,"menu_order":0,"comment_status":"closed","ping_status":"closed","template":"","meta":{"footnotes":""},"class_list":["post-1066","page","type-page","status-publish","hentry"],"_links":{"self":[{"href":"https:\/\/www.newsregion.cz\/index.php\/wp-json\/wp\/v2\/pages\/1066"}],"collection":[{"href":"https:\/\/www.newsregion.cz\/index.php\/wp-json\/wp\/v2\/pages"}],"about":[{"href":"https:\/\/www.newsregion.cz\/index.php\/wp-json\/wp\/v2\/types\/page"}],"author":[{"embeddable":true,"href":"https:\/\/www.newsregion.cz\/index.php\/wp-json\/wp\/v2\/users\/1"}],"replies":[{"embeddable":true,"href":"https:\/\/www.newsregion.cz\/index.php\/wp-json\/wp\/v2\/comments?post=1066"}],"version-history":[{"count":40,"href":"https:\/\/www.newsregion.cz\/index.php\/wp-json\/wp\/v2\/pages\/1066\/revisions"}],"predecessor-version":[{"id":1202,"href":"https:\/\/www.newsregion.cz\/index.php\/wp-json\/wp\/v2\/pages\/1066\/revisions\/1202"}],"wp:attachment":[{"href":"https:\/\/www.newsregion.cz\/index.php\/wp-json\/wp\/v2\/media?parent=1066"}],"curies":[{"name":"wp","href":"https:\/\/api.w.org\/{rel}","templated":true}]}}